{"id":1238,"date":"2017-05-25T09:51:47","date_gmt":"2017-05-25T09:51:47","guid":{"rendered":"http:\/\/diegomorodo.com\/carrito\/"},"modified":"2017-05-25T09:51:47","modified_gmt":"2017-05-25T09:51:47","slug":"carrito","status":"publish","type":"page","link":"https:\/\/diegomorodo.com\/es\/carrito\/","title":{"rendered":"Carrito"},"content":{"rendered":"<div class=\"woocommerce\">\n<div class=\"cart-empty alert alert_warning\">\n\t<div class=\"alert_icon\"><i class=\"icon-lamp\"><\/i><\/div>\n\t<div class=\"alert_wrapper\">Tu carrito est\u00e1 vac\u00edo.<\/div>\n\t<a class=\"close\" href=\"#\"><i class=\"icon-cancel\"><\/i><\/a>\n<\/div>\n\n<p class=\"cart-empty\">Tu carrito est\u00e1 vac\u00edo.<\/p>\n\t<p class=\"return-to-shop\">\n\t\t<a class=\"button button_theme button_js\" href=\"https:\/\/diegomorodo.com\/es\/comprar\/\">\n\t\t\t<span class=\"button_icon\"><i class=\"icon-basket\"><\/i><\/span>\n\t\t\t<span class=\"button_label\">Volver a la tienda<\/span>\n\t\t<\/a>\n\t<\/p>\n<\/div>\n","protected":false},"excerpt":{"rendered":"Tu carrito est\u00e1 vac\u00edo. Tu carrito est\u00e1 vac\u00edo. Volver a la tienda","protected":false},"author":1,"featured_media":0,"parent":0,"menu_order":0,"comment_status":"closed","ping_status":"closed","template":"","meta":{"footnotes":""},"class_list":["post-1238","page","type-page","status-publish","hentry"],"_links":{"self":[{"href":"https:\/\/diegomorodo.com\/es\/wp-json\/wp\/v2\/pages\/1238"}],"collection":[{"href":"https:\/\/diegomorodo.com\/es\/wp-json\/wp\/v2\/pages"}],"about":[{"href":"https:\/\/diegomorodo.com\/es\/wp-json\/wp\/v2\/types\/page"}],"author":[{"embeddable":true,"href":"https:\/\/diegomorodo.com\/es\/wp-json\/wp\/v2\/users\/1"}],"replies":[{"embeddable":true,"href":"https:\/\/diegomorodo.com\/es\/wp-json\/wp\/v2\/comments?post=1238"}],"version-history":[{"count":0,"href":"https:\/\/diegomorodo.com\/es\/wp-json\/wp\/v2\/pages\/1238\/revisions"}],"wp:attachment":[{"href":"https:\/\/diegomorodo.com\/es\/wp-json\/wp\/v2\/media?parent=1238"}],"curies":[{"name":"wp","href":"https:\/\/api.w.org\/{rel}","templated":true}]}}