{"id":1287,"date":"2017-05-25T10:50:29","date_gmt":"2017-05-25T10:50:29","guid":{"rendered":"http:\/\/diegomorodo.com\/?page_id=1287"},"modified":"2017-06-05T09:12:29","modified_gmt":"2017-06-05T09:12:29","slug":"sobre-mi","status":"publish","type":"page","link":"https:\/\/diegomorodo.com\/es\/sobre-mi\/","title":{"rendered":"SOBRE MI"},"content":{"rendered":"<p>[vc_row][vc_column][vc_empty_space][vc_row_inner][vc_column_inner width=\u00bb2\/3&#8243;][vc_empty_space height=\u00bb20px\u00bb][vc_custom_heading text=\u00bb\u00bfQUI\u00c9N ES DIEGO MORODO?\u00bb font_container=\u00bbtag:h2|text_align:center|color:%23000000&#8243; use_theme_fonts=\u00bbyes\u00bb][vc_separator color=\u00bbblack\u00bb el_width=\u00bb20&#8243;][vc_column_text]Soy un fot\u00f3grafo y videografo que desde 2011 lleva viviendo la mayoria del tiempo en Asia. Antes de tomarme la fotograf\u00eda y el video en serio, sol\u00eda trabajar\u00a0en Marketing y Ventas, pero decid\u00ed dejarlo todo y ver el mundo a trav\u00e9s de mi objetivo.<\/p>\n<p>Mi experiencia en el campo del Marketing me convierte en un valor a\u00f1adido\u00a0que entiende\u00a0lo que las marcas\u00a0necesitan cuando buscan un artista visual. \u00a0He colaborado con diferentes marcas, a las que he ayudado a potenciar su imagen a trav\u00e9s de la fotograf\u00eda y los videos.<\/p>\n<p>Mi trabajo editorial, el cual ha aparecido en revistas y exposiciones,\u00a0documenta no solo los lugares que visito, pero la gente y las historias\u00a0que me encuentro, para que t\u00fa, el observador, puedas sentirte\u00a0como\u00a0una parte activa de mi camino<\/p>\n<p>Os invito a que os sumerj\u00e1is en mi universo y descubr\u00e1is el mundo conmigo a trav\u00e9s de mi objetivo.<\/p>\n<div class=\"section-text text-block \"><\/div>\n<p>[\/vc_column_text][\/vc_column_inner][vc_column_inner width=\u00bb1\/3&#8243;][vc_single_image image=\u00bb588&#8243; img_size=\u00bb400&#215;400&#8243;][\/vc_column_inner][\/vc_row_inner][\/vc_column][\/vc_row]<\/p>\n","protected":false},"excerpt":{"rendered":"<p>[vc_row][vc_column][vc_empty_space][vc_row_inner][vc_column_inner width=\u00bb2\/3&#8243;][vc_empty_space height=\u00bb20px\u00bb][vc_custom_heading text=\u00bb\u00bfQUI\u00c9N ES DIEGO MORODO?\u00bb font_container=\u00bbtag:h2|text_align:center|color:%23000000&#8243; use_theme_fonts=\u00bbyes\u00bb][vc_separator color=\u00bbblack\u00bb el_width=\u00bb20&#8243;][vc_column_text]Soy un fot\u00f3grafo y videografo que desde 2011 lleva viviendo la mayoria del tiempo en Asia.<span class=\"excerpt-hellip\"> [\u2026]<\/span><\/p>\n","protected":false},"author":1,"featured_media":0,"parent":0,"menu_order":0,"comment_status":"closed","ping_status":"closed","template":"","meta":{"footnotes":""},"class_list":["post-1287","page","type-page","status-publish","hentry"],"_links":{"self":[{"href":"https:\/\/diegomorodo.com\/es\/wp-json\/wp\/v2\/pages\/1287"}],"collection":[{"href":"https:\/\/diegomorodo.com\/es\/wp-json\/wp\/v2\/pages"}],"about":[{"href":"https:\/\/diegomorodo.com\/es\/wp-json\/wp\/v2\/types\/page"}],"author":[{"embeddable":true,"href":"https:\/\/diegomorodo.com\/es\/wp-json\/wp\/v2\/users\/1"}],"replies":[{"embeddable":true,"href":"https:\/\/diegomorodo.com\/es\/wp-json\/wp\/v2\/comments?post=1287"}],"version-history":[{"count":1,"href":"https:\/\/diegomorodo.com\/es\/wp-json\/wp\/v2\/pages\/1287\/revisions"}],"predecessor-version":[{"id":1394,"href":"https:\/\/diegomorodo.com\/es\/wp-json\/wp\/v2\/pages\/1287\/revisions\/1394"}],"wp:attachment":[{"href":"https:\/\/diegomorodo.com\/es\/wp-json\/wp\/v2\/media?parent=1287"}],"curies":[{"name":"wp","href":"https:\/\/api.w.org\/{rel}","templated":true}]}}