{"id":1292,"date":"2017-05-25T11:04:40","date_gmt":"2017-05-25T11:04:40","guid":{"rendered":"http:\/\/diegomorodo.com\/?page_id=1292"},"modified":"2017-05-25T13:57:27","modified_gmt":"2017-05-25T13:57:27","slug":"contacto","status":"publish","type":"page","link":"https:\/\/diegomorodo.com\/es\/contacto\/","title":{"rendered":"CONTACTO"},"content":{"rendered":"<p>[vc_row][vc_column width=\u00bb1\/6&#8243;][\/vc_column][vc_column width=\u00bb2\/3&#8243;][vc_empty_space][vc_custom_heading text=\u00bbCONTACTAME\u00bb font_container=\u00bbtag:h2|text_align:center|color:%23000000&#8243; use_theme_fonts=\u00bbyes\u00bb][vc_separator color=\u00bbblack\u00bb el_width=\u00bb20&#8243;][vc_column_text]<\/p>\n<p style=\"text-align: center;\">\u00bfTienes alguna pregunta? \u00bf Quieres que trabajemos\u00a0juntos?\u00bfQuieres compartir tu\u00a0idea loca conmigo? No tengas verg\u00fcenza y cont\u00e1ctame. Me encantar\u00eda escuchar tu historia, proyectos, o ideas locas asi como cualquier cosa en la que yo pueda serte de ayuda! Las mejores formas de contactarme son las siguientes:<\/p>\n<p>[\/vc_column_text][\/vc_column][vc_column width=\u00bb1\/6&#8243;][\/vc_column][\/vc_row][vc_row][vc_column width=\u00bb1\/4&#8243;]<div class=\"icon_box icon_position_top no_border\"><a class=\"\" href=\"mailto:diego.morodo@gmail.com\" target=\"_blank\" ><div class=\"icon_wrapper\"><div class=\"icon\"><i class=\"icon-mail\"><\/i><\/div><\/div><div class=\"desc_wrapper\"><div class=\"desc\">Email<\/div><\/div><\/a><\/div>\n[\/vc_column][vc_column width=\u00bb1\/4&#8243;]<div class=\"icon_box icon_position_top no_border\"><a class=\"\" href=\"http:\/\/www.instagram.com\/diegomorodo\" target=\"_blank\" ><div class=\"icon_wrapper\"><div class=\"icon\"><i class=\"icon-instagram\"><\/i><\/div><\/div><div class=\"desc_wrapper\"><div class=\"desc\">Instagram<\/div><\/div><\/a><\/div>\n[\/vc_column][vc_column width=\u00bb1\/4&#8243;]<div class=\"icon_box icon_position_top no_border\"><a class=\"\" href=\"http:\/\/www.facebook.com\/diegomorodophoto\" target=\"_blank\" ><div class=\"icon_wrapper\"><div class=\"icon\"><i class=\"icon-facebook\"><\/i><\/div><\/div><div class=\"desc_wrapper\"><div class=\"desc\">Facebook<\/div><\/div><\/a><\/div>\n[\/vc_column][vc_column width=\u00bb1\/4&#8243;]<div class=\"icon_box icon_position_top no_border\"><a class=\"\" href=\"https:\/\/vimeo.com\/user39953902\" target=\"_blank\" ><div class=\"icon_wrapper\"><div class=\"icon\"><i class=\"icon-vimeo\"><\/i><\/div><\/div><div class=\"desc_wrapper\"><div class=\"desc\">Vimeo<\/div><\/div><\/a><\/div>\n[\/vc_column][\/vc_row][vc_row][vc_column width=\u00bb1\/6&#8243;][\/vc_column][vc_column width=\u00bb2\/3&#8243;][vc_column_text]<\/p>\n<h2 style=\"text-align: center;\">Aqu\u00ed y Ahora<\/h2>\n<p>[\/vc_column_text][vc_separator color=\u00bbblack\u00bb el_width=\u00bb20&#8243;][vc_column_text]<\/p>\n<p style=\"text-align: center;\">Si lo prefieres, tambi\u00e9n puedes contactarme aqu\u00ed mismo a trav\u00e9s de este formulario. Te contestar\u00e9 lo antes posible.<\/p>\n<p>[\/vc_column_text]\n<div class=\"wpcf7 no-js\" id=\"wpcf7-f1294-o1\" lang=\"en-US\" dir=\"ltr\">\n<div class=\"screen-reader-response\"><p role=\"status\" aria-live=\"polite\" aria-atomic=\"true\"><\/p> <ul><\/ul><\/div>\n<form action=\"\/es\/wp-json\/wp\/v2\/pages\/1292#wpcf7-f1294-o1\" method=\"post\" class=\"wpcf7-form init\" aria-label=\"Formulario de contacto\" novalidate=\"novalidate\" data-status=\"init\">\n<div style=\"display: none;\">\n<input type=\"hidden\" name=\"_wpcf7\" value=\"1294\" \/>\n<input type=\"hidden\" name=\"_wpcf7_version\" value=\"5.9.8\" \/>\n<input type=\"hidden\" name=\"_wpcf7_locale\" value=\"en_US\" \/>\n<input type=\"hidden\" name=\"_wpcf7_unit_tag\" value=\"wpcf7-f1294-o1\" \/>\n<input type=\"hidden\" name=\"_wpcf7_container_post\" value=\"0\" \/>\n<input type=\"hidden\" name=\"_wpcf7_posted_data_hash\" value=\"\" \/>\n<\/div>\n<p><label> Tu nombre (necesario)<br \/>\n<span class=\"wpcf7-form-control-wrap\" data-name=\"your-name\"><input size=\"40\" maxlength=\"400\" class=\"wpcf7-form-control wpcf7-text wpcf7-validates-as-required\" aria-required=\"true\" aria-invalid=\"false\" value=\"\" type=\"text\" name=\"your-name\" \/><\/span> <\/label>\n<\/p>\n<p><label> Tu Email (necesario)<br \/>\n<span class=\"wpcf7-form-control-wrap\" data-name=\"your-email\"><input size=\"40\" maxlength=\"400\" class=\"wpcf7-form-control wpcf7-email wpcf7-validates-as-required wpcf7-text wpcf7-validates-as-email\" aria-required=\"true\" aria-invalid=\"false\" value=\"\" type=\"email\" name=\"your-email\" \/><\/span> <\/label>\n<\/p>\n<p><label> Titulo<br \/>\n<span class=\"wpcf7-form-control-wrap\" data-name=\"your-subject\"><input size=\"40\" maxlength=\"400\" class=\"wpcf7-form-control wpcf7-text\" aria-invalid=\"false\" value=\"\" type=\"text\" name=\"your-subject\" \/><\/span> <\/label>\n<\/p>\n<p><label> Tu Mensaje<br \/>\n<span class=\"wpcf7-form-control-wrap\" data-name=\"your-message\"><textarea cols=\"40\" rows=\"10\" maxlength=\"2000\" class=\"wpcf7-form-control wpcf7-textarea\" aria-invalid=\"false\" name=\"your-message\"><\/textarea><\/span> <\/label>\n<\/p>\n<p><!-- Mailchimp for WordPress v4.9.18 - https:\/\/www.mc4wp.com\/ --><input type=\"hidden\" name=\"_mc4wp_subscribe_contact-form-7\" value=\"0\" \/><span class=\"mc4wp-checkbox mc4wp-checkbox-contact-form-7 \" ><label><input type=\"checkbox\" name=\"_mc4wp_subscribe_contact-form-7\" value=\"1\" checked=\"checked\"  \/><span>No quiero perderme nada<\/span><\/label><\/span><!-- \/ Mailchimp for WordPress -->\n<\/p>\n<p><input class=\"wpcf7-form-control wpcf7-submit has-spinner\" type=\"submit\" value=\"Enviar\" \/>\n<\/p><p style=\"display: none !important;\" class=\"akismet-fields-container\" data-prefix=\"_wpcf7_ak_\"><label>&#916;<textarea name=\"_wpcf7_ak_hp_textarea\" cols=\"45\" rows=\"8\" maxlength=\"100\"><\/textarea><\/label><input type=\"hidden\" id=\"ak_js_1\" name=\"_wpcf7_ak_js\" value=\"45\"\/><script>document.getElementById( \"ak_js_1\" ).setAttribute( \"value\", ( new Date() ).getTime() );<\/script><\/p><div class=\"wpcf7-response-output\" aria-hidden=\"true\"><\/div>\n<\/form>\n<\/div>\n[\/vc_column][vc_column width=\u00bb1\/6&#8243;][\/vc_column][\/vc_row]<\/p>\n","protected":false},"excerpt":{"rendered":"<p>[vc_row][vc_column width=\u00bb1\/6&#8243;][\/vc_column][vc_column width=\u00bb2\/3&#8243;][vc_empty_space][vc_custom_heading text=\u00bbCONTACTAME\u00bb font_container=\u00bbtag:h2|text_align:center|color:%23000000&#8243; use_theme_fonts=\u00bbyes\u00bb][vc_separator color=\u00bbblack\u00bb el_width=\u00bb20&#8243;][vc_column_text] \u00bfTienes alguna pregunta? \u00bf Quieres que trabajemos\u00a0juntos?\u00bfQuieres compartir tu\u00a0idea loca conmigo? No tengas verg\u00fcenza y cont\u00e1ctame. Me encantar\u00eda<span class=\"excerpt-hellip\"> [\u2026]<\/span><\/p>\n","protected":false},"author":1,"featured_media":0,"parent":0,"menu_order":0,"comment_status":"closed","ping_status":"closed","template":"","meta":{"footnotes":""},"class_list":["post-1292","page","type-page","status-publish","hentry"],"_links":{"self":[{"href":"https:\/\/diegomorodo.com\/es\/wp-json\/wp\/v2\/pages\/1292"}],"collection":[{"href":"https:\/\/diegomorodo.com\/es\/wp-json\/wp\/v2\/pages"}],"about":[{"href":"https:\/\/diegomorodo.com\/es\/wp-json\/wp\/v2\/types\/page"}],"author":[{"embeddable":true,"href":"https:\/\/diegomorodo.com\/es\/wp-json\/wp\/v2\/users\/1"}],"replies":[{"embeddable":true,"href":"https:\/\/diegomorodo.com\/es\/wp-json\/wp\/v2\/comments?post=1292"}],"version-history":[{"count":0,"href":"https:\/\/diegomorodo.com\/es\/wp-json\/wp\/v2\/pages\/1292\/revisions"}],"wp:attachment":[{"href":"https:\/\/diegomorodo.com\/es\/wp-json\/wp\/v2\/media?parent=1292"}],"curies":[{"name":"wp","href":"https:\/\/api.w.org\/{rel}","templated":true}]}}