{"id":1297,"date":"2017-05-25T11:19:56","date_gmt":"2017-05-25T11:19:56","guid":{"rendered":"http:\/\/diegomorodo.com\/?page_id=1297"},"modified":"2018-03-27T08:00:59","modified_gmt":"2018-03-27T08:00:59","slug":"diego-morodo-photography-films","status":"publish","type":"page","link":"https:\/\/diegomorodo.com\/es\/","title":{"rendered":"DIEGO MORODO &#8211; PHOTOGRAPHY &#038; FILMS"},"content":{"rendered":"<p>[vc_row full_width=\u00bbstretch_row_content_no_spaces\u00bb full_height=\u00bbyes\u00bb columns_placement=\u00bbstretch\u00bb content_placement=\u00bbmiddle\u00bb parallax=\u00bbcontent-moving\u00bb parallax_image=\u00bb1404&#8243; css=\u00bb.vc_custom_1496742179408{background-position: center;background-repeat: no-repeat !important;background-size: cover !important;}\u00bb][vc_column css=\u00bb.vc_custom_1495634854448{background-position: center !important;background-repeat: no-repeat !important;background-size: contain !important;}\u00bb][vc_single_image image=\u00bb713&#8243; img_size=\u00bb200X200&#8243; alignment=\u00bbcenter\u00bb][vc_icon icon_fontawesome=\u00bbfa fa-chevron-circle-down\u00bb color=\u00bbwhite\u00bb size=\u00bbsm\u00bb align=\u00bbcenter\u00bb link=\u00bburl:%23projects|||\u00bb][\/vc_column][\/vc_row][vc_row full_width=\u00bbstretch_row_content\u00bb el_id=\u00bbprojects\u00bb][vc_column][vc_empty_space][vc_custom_heading text=\u00bb\u00daLTIMOS PROYECTOS\u00bb font_container=\u00bbtag:h2|text_align:center\u00bb use_theme_fonts=\u00bbyes\u00bb][vc_separator color=\u00bbblack\u00bb el_width=\u00bb20&#8243;][vc_basic_grid post_type=\u00bbids\u00bb item=\u00bb164&#8243; grid_id=\u00bbvc_gid:1522137632103-cefbe0c3-f1fe-10&#8243; include=\u00bb1416, 504, 418, 117, 568, 565, 560, 58, 88&#8243;][\/vc_column][\/vc_row][vc_row][vc_column][vc_empty_space][vc_row_inner][vc_column_inner width=\u00bb1\/3&#8243;][vc_single_image image=\u00bb588&#8243; img_size=\u00bb400&#215;400&#8243; alignment=\u00bbcenter\u00bb][\/vc_column_inner][vc_column_inner width=\u00bb2\/3&#8243;][vc_custom_heading text=\u00bb\u00a1HOLA, SOY DIEGO!\u00bb use_theme_fonts=\u00bbyes\u00bb][vc_separator color=\u00bbblack\u00bb align=\u00bbalign_left\u00bb el_width=\u00bb20&#8243;][vc_column_text]Como probablemente ya habr\u00e1s adivinado, soy un fot\u00f3grafo y videografo de Espa\u00f1a. Y aunque nac\u00ed y crec\u00ed en Madrid, he vivido en varios paises alrededor del mundo, pasando la mayor parte de los\u00a0\u00faltimos 6 a\u00f1os en el Sudeste Asi\u00e1tico.<\/p>\n<p>Antes de tomarme todo esto un poco mas en serio, el mundo de las im\u00e1genes siempre estuvo presente en mi vida. De ni\u00f1o sol\u00eda jugar con una antigua Kodak Retina Reflex rota, y sol\u00eda colarme en los armarios y cajones de la casa\u00a0de mis padres para mirar entre las fotos antiguas que pudiera encontrar. Me gustaba imaginarme las situaciones que habian dado pie a esas fotografias, las historias que contaban las imagenes.<\/p>\n<p>Hoy en dia, mi camara me lleva a lo largo y ancho del mundo, retratando las historias\u00a0de mis destinos. Asi que te invito a adentrarte en mi universo, y descubrir el mundo a traves de mi objetivo.<\/p>\n<p>Si tienes alguna pregunta, te gustaria que trabajaramos juntos, o simplemente quieres mandarme un saludo, \u00a1no tengas verg\u00fcenza y hazlo en la <a href=\"https:\/\/diegomorodo.com\/es\/contacto\/\">secci\u00f3n de contacto<\/a>![\/vc_column_text][\/vc_column_inner][\/vc_row_inner][\/vc_column][\/vc_row][vc_row][vc_column][vc_custom_heading text=\u00bbS\u00edgueme en Instagram\u00bb font_container=\u00bbtag:h2|text_align:center\u00bb use_theme_fonts=\u00bbyes\u00bb][vc_separator color=\u00bbblack\u00bb el_width=\u00bb20&#8243;][vc_column_text]<div id=\"sb_instagram\" class=\"sbi sbi_mob_col_auto sbi_col_10\" style=\"width:90%; background-color: #ffffff; padding-bottom: 10px; \" data-id=\"1824995630\" data-num=\"30\" data-res=\"auto\" data-cols=\"10\" data-options='{&quot;showcaption&quot;: &quot;&quot;, &quot;captionlength&quot;: &quot;50&quot;, &quot;captioncolor&quot;: &quot;&quot;, &quot;captionsize&quot;: &quot;13&quot;, &quot;showlikes&quot;: &quot;&quot;, &quot;likescolor&quot;: &quot;&quot;, &quot;likessize&quot;: &quot;13&quot;, &quot;sortby&quot;: &quot;none&quot;, &quot;hashtag&quot;: &quot;&quot;, &quot;type&quot;: &quot;user&quot;, &quot;hovercolor&quot;: &quot;117,117,117&quot;, &quot;hovertextcolor&quot;: &quot;255,255,255&quot;, &quot;hoverdisplay&quot;: &quot;caption,&quot;, &quot;hovereffect&quot;: &quot;fade&quot;, &quot;headercolor&quot;: &quot;&quot;, &quot;headerprimarycolor&quot;: &quot;517fa4&quot;, &quot;headersecondarycolor&quot;: &quot;eeeeee&quot;, &quot;disablelightbox&quot;: &quot;false&quot;, &quot;captionlinks&quot;: &quot;false&quot;, &quot;disablecache&quot;: &quot;false&quot;, &quot;location&quot;: &quot;&quot;, &quot;coordinates&quot;: &quot;&quot;, &quot;single&quot;: &quot;&quot;, &quot;nummobile&quot;: &quot;30&quot;, &quot;colsmobile&quot;: &quot;auto&quot;,  &quot;lightboxcomments&quot;: &quot;false&quot;,&quot;numcomments&quot;: &quot;20&quot;,&quot;maxrequests&quot;: &quot;5&quot;, &quot;headerstyle&quot;: &quot;circle&quot;, &quot;showfollowers&quot;: &quot;false&quot;, &quot;showbio&quot;: &quot;false&quot;, &quot;carousel&quot;: &quot;[false, false, true, false, 5000]&quot;, &quot;imagepadding&quot;: &quot;5&quot;, &quot;imagepaddingunit&quot;: &quot;px&quot;, &quot;media&quot;: &quot;all&quot;, &quot;showusers&quot;: &quot;&quot;, &quot;includewords&quot;: &quot;&quot;, &quot;excludewords&quot;: &quot;&quot;, &quot;sbiCacheExists&quot;: &quot;false&quot;, &quot;sbiHeaderCache&quot;: &quot;false&quot;, &quot;sbiWhiteList&quot;: &quot;&quot;, &quot;sbiWhiteListIds&quot;: &quot;&quot;}' data-sbi-lb-comments=\"true\"><div id=\"sbi_images\" style=\"padding: 5px;\"><div class=\"sbi_loader fa-spin\"><\/div><\/div><div id=\"sbi_load\"><a class=\"sbi_load_btn\" href=\"javascript:void(0);\" style=\"\"><span class=\"sbi_btn_text\">Carga m\u00e1s...<\/span><svg class=\"svg-inline--fa fa-spinner fa-w-16 fa-pulse\" style=\"max-width: 24px;\" aria-hidden=\"true\" data-fa-processed=\"\" data-prefix=\"fa\" data-icon=\"spinner\" role=\"img\" xmlns=\"http:\/\/www.w3.org\/2000\/svg\" viewBox=\"0 0 512 512\"><path fill=\"currentColor\" d=\"M304 48c0 26.51-21.49 48-48 48s-48-21.49-48-48 21.49-48 48-48 48 21.49 48 48zm-48 368c-26.51 0-48 21.49-48 48s21.49 48 48 48 48-21.49 48-48-21.49-48-48-48zm208-208c-26.51 0-48 21.49-48 48s21.49 48 48 48 48-21.49 48-48-21.49-48-48-48zM96 256c0-26.51-21.49-48-48-48S0 229.49 0 256s21.49 48 48 48 48-21.49 48-48zm12.922 99.078c-26.51 0-48 21.49-48 48s21.49 48 48 48 48-21.49 48-48c0-26.509-21.491-48-48-48zm294.156 0c-26.51 0-48 21.49-48 48s21.49 48 48 48 48-21.49 48-48c0-26.509-21.49-48-48-48zM108.922 60.922c-26.51 0-48 21.49-48 48s21.49 48 48 48 48-21.49 48-48-21.491-48-48-48z\"><\/path><\/svg><\/a><div class=\"sbi_follow_btn\"><a href=\"https:\/\/instagram.com\/\" style=\"\" target=\"_blank\"><i class=\"fa fab fa-instagram\"><\/i>Sigue en Instagram<\/a><\/div><\/div><\/div>[\/vc_column_text][\/vc_column][\/vc_row]<\/p>\n","protected":false},"excerpt":{"rendered":"<p>[vc_row full_width=\u00bbstretch_row_content_no_spaces\u00bb full_height=\u00bbyes\u00bb columns_placement=\u00bbstretch\u00bb content_placement=\u00bbmiddle\u00bb parallax=\u00bbcontent-moving\u00bb parallax_image=\u00bb1404&#8243; css=\u00bb.vc_custom_1496742179408{background-position: center;background-repeat: no-repeat !important;background-size: cover !important;}\u00bb][vc_column css=\u00bb.vc_custom_1495634854448{background-position: center !important;background-repeat: no-repeat !important;background-size: contain !important;}\u00bb][vc_single_image image=\u00bb713&#8243; img_size=\u00bb200X200&#8243; alignment=\u00bbcenter\u00bb][vc_icon icon_fontawesome=\u00bbfa fa-chevron-circle-down\u00bb color=\u00bbwhite\u00bb<span class=\"excerpt-hellip\"> [\u2026]<\/span><\/p>\n","protected":false},"author":1,"featured_media":1402,"parent":0,"menu_order":0,"comment_status":"closed","ping_status":"closed","template":"","meta":{"footnotes":""},"class_list":["post-1297","page","type-page","status-publish","has-post-thumbnail","hentry"],"_links":{"self":[{"href":"https:\/\/diegomorodo.com\/es\/wp-json\/wp\/v2\/pages\/1297"}],"collection":[{"href":"https:\/\/diegomorodo.com\/es\/wp-json\/wp\/v2\/pages"}],"about":[{"href":"https:\/\/diegomorodo.com\/es\/wp-json\/wp\/v2\/types\/page"}],"author":[{"embeddable":true,"href":"https:\/\/diegomorodo.com\/es\/wp-json\/wp\/v2\/users\/1"}],"replies":[{"embeddable":true,"href":"https:\/\/diegomorodo.com\/es\/wp-json\/wp\/v2\/comments?post=1297"}],"version-history":[{"count":5,"href":"https:\/\/diegomorodo.com\/es\/wp-json\/wp\/v2\/pages\/1297\/revisions"}],"predecessor-version":[{"id":1442,"href":"https:\/\/diegomorodo.com\/es\/wp-json\/wp\/v2\/pages\/1297\/revisions\/1442"}],"wp:featuredmedia":[{"embeddable":true,"href":"https:\/\/diegomorodo.com\/es\/wp-json\/wp\/v2\/media\/1402"}],"wp:attachment":[{"href":"https:\/\/diegomorodo.com\/es\/wp-json\/wp\/v2\/media?parent=1297"}],"curies":[{"name":"wp","href":"https:\/\/api.w.org\/{rel}","templated":true}]}}